{"id":1921,"date":"2018-12-17T10:19:20","date_gmt":"2018-12-17T09:19:20","guid":{"rendered":"https:\/\/www.branasgrandpoujeaux.com\/?page_id=1921"},"modified":"2025-10-07T15:49:24","modified_gmt":"2025-10-07T13:49:24","slug":"philosophy","status":"publish","type":"page","link":"https:\/\/www.branasgrandpoujeaux.com\/en\/philosophy\/","title":{"rendered":"Philosophy"},"content":{"rendered":"<div class=\"wpb-content-wrapper\"><p>[vc_row cth_layout=&#8221;inshot_page_sec&#8221;][vc_column][vc_column_text]<\/p>\n<h1>Philosophy<\/h1>\n<p>It all began when Justin Onclin, aware of the potential of his terroir, bought Ch\u00e2teau Branas Grand Poujeaux in 2002.<\/p>\n<p>He then had a double ambition: to respect the heritage and roots of this estate, while giving it a visionary impetus and a new appetite.[\/vc_column_text][vc_column_text]The main international wine journalists see Ch\u00e2teau Branas Grand Poujeaux as the quality leader of the insider appellation Moulis-en-M\u00e9doc. This smallest communal M\u00e9doc appellation can rival in quality with the most expensive M\u00e9doc wines due to the splendid terroir of the Grand Poujeaux plateau. Neal Martin of Vinous: \u201c<em>Ch\u00e2teau Branas Grand Poujeaux is flying on Grand Cru Class\u00e9 level since many vintages\u201d<\/em>.<\/p>\n<p>The majority of the vineyard plots are located on the Grand Poujeaux plateau, a plateau composed of various gravelly sediments deposited millions of years ago during the G\u00fcnz Ice Age. This ancient gravel plateau, combined with a highly specific Atlantic oceanic climate, is the source of the world-famous M\u00e9doc wines. The Grand Poujeaux plateau is terrace number 3, a gravel vain that starts in the north in the vineyard of Ch\u00e2teau Mouton Rothschild and ends in the south in the vineyards of Margaux.<\/p>\n<p>Ch\u00e2teau Branas Grand Poujeaux was purchased in 2002 by Justin Onclin and since then the quality has improved vintage after vintage. Today, Ch\u00e2teau Branas Grand Poujeaux is a wine estate with 25 hectares of vines divided into 25 blocks. Each block is vinified separately, allowing the specific terroir of each vineyard to be valued. The ambition of the vineyard and cellar team is to produce a highly complex blend of Merlot, Cabernet Sauvignon and Petit Verdot in the most ecological and sustainable way possible. The wine is made by an ambitious team headed by Arjen Pen, who is a winemaker since 2005 in Bordeaux and South Africa. Since 2012, Hubert de Bo\u00fcard, co-owner of Ch\u00e2teau Ang\u00e9lus has been working alongside Branas Grand Poujeaux, which he himself designates as being among the best terroirs in the Medoc.<\/p>\n<p>The wines of Branas Grand Poujeaux are aged in small barrels of 225 litres and in amphoras of 750 litres for 16\u00a0months before bottling. Amphora aging represents maximum 10% of the production and 50% of the barrels are renewed each year, the other 50% is one year old.[\/vc_column_text][\/vc_column][\/vc_row]<\/p>\n<\/div>","protected":false},"excerpt":{"rendered":"<p>[vc_row cth_layout=&#8221;inshot_page_sec&#8221;][vc_column][vc_column_text] Philosophy It all began when Justin Onclin, aware of the potential of his terroir, bought Ch\u00e2teau Branas Grand Poujeaux in 2002. He then had a double ambition: to respect the heritage and roots of this estate, while giving it a visionary impetus and a new appetite.[\/vc_column_text][vc_column_text]The main international wine journalists see Ch\u00e2teau Branas &hellip; <\/p>\n","protected":false},"author":1,"featured_media":0,"parent":0,"menu_order":0,"comment_status":"closed","ping_status":"closed","template":"page-column-grid.php","meta":{"footnotes":""},"class_list":["post-1921","page","type-page","status-publish","hentry"],"_links":{"self":[{"href":"https:\/\/www.branasgrandpoujeaux.com\/en\/wp-json\/wp\/v2\/pages\/1921","targetHints":{"allow":["GET"]}}],"collection":[{"href":"https:\/\/www.branasgrandpoujeaux.com\/en\/wp-json\/wp\/v2\/pages"}],"about":[{"href":"https:\/\/www.branasgrandpoujeaux.com\/en\/wp-json\/wp\/v2\/types\/page"}],"author":[{"embeddable":true,"href":"https:\/\/www.branasgrandpoujeaux.com\/en\/wp-json\/wp\/v2\/users\/1"}],"replies":[{"embeddable":true,"href":"https:\/\/www.branasgrandpoujeaux.com\/en\/wp-json\/wp\/v2\/comments?post=1921"}],"version-history":[{"count":12,"href":"https:\/\/www.branasgrandpoujeaux.com\/en\/wp-json\/wp\/v2\/pages\/1921\/revisions"}],"predecessor-version":[{"id":2515,"href":"https:\/\/www.branasgrandpoujeaux.com\/en\/wp-json\/wp\/v2\/pages\/1921\/revisions\/2515"}],"wp:attachment":[{"href":"https:\/\/www.branasgrandpoujeaux.com\/en\/wp-json\/wp\/v2\/media?parent=1921"}],"curies":[{"name":"wp","href":"https:\/\/api.w.org\/{rel}","templated":true}]}}