{"id":1708,"date":"2018-12-13T12:12:39","date_gmt":"2018-12-13T11:12:39","guid":{"rendered":"https:\/\/www.branasgrandpoujeaux.com\/?page_id=1708"},"modified":"2025-10-07T15:53:21","modified_gmt":"2025-10-07T13:53:21","slug":"terroir","status":"publish","type":"page","link":"https:\/\/www.branasgrandpoujeaux.com\/fr\/terroir\/","title":{"rendered":"Terroir"},"content":{"rendered":"<div class=\"wpb-content-wrapper\"><p>[vc_row cth_layout=\u00a0\u00bbinshot_page_sec\u00a0\u00bb][vc_column][vc_column_text]<\/p>\n<h1>Terroir<\/h1>\n<p>[\/vc_column_text][vc_column_text]<\/p>\n<h3>Une appellation confidentielle<\/h3>\n<p>Terre de tradition par excellence, Moulis est situ\u00e9e au c\u0153ur du M\u00e9doc, sur la rive gauche de l\u2019estuaire de la Gironde et s\u2019\u00e9tend sur une superficie d\u2019environ 600 hectares en faisant ainsi l\u2019une des plus confidentielles appellations communales.<\/p>\n<p>Situ\u00e9 entre l&rsquo;appellation Margaux au sud et les appellations Saint Julien et Pauillac au nord, le vignoble AOC de Moulis-en-M\u00e9doc est un ruban \u00e9troit qui s&rsquo;\u00e9tend sur 7 km d&rsquo;est en ouest.<\/p>\n<p>La localisation originale du vignoble de Moulis explique l\u2019exceptionnelle diversit\u00e9 de ses terroirs.<\/p>\n<p>Des graves \u00e0 l\u2019Est de l\u2019appellation, \u00e0 proximit\u00e9 de l\u2019estuaire, aux plaines sablo-argileuses de l\u2019Ouest, on y retrouve tous les grands terroirs M\u00e9docains, d\u2019o\u00f9 l\u2019id\u00e9e qu\u2019au regard de ses sols, Moulis est un \u00ab\u00a0concentr\u00e9\u00a0\u00bb ou une \u00ab\u00a0miniature\u00a0\u00bb du M\u00e9doc viticole.[\/vc_column_text][vc_column_text]<\/p>\n<h3>Au c\u0153ur de l\u2019appellation Moulis<\/h3>\n<p>Lov\u00e9 confortablement entre deux illustres voisins, Ch\u00e2teaux Poujeaux et Chasse-Spleen, le Ch\u00e2teau Branas Grand Poujeaux, jouit d\u2019un terroir de 17 hectares centr\u00e9 autour des croupes de graves de Grand Poujeaux, \u00e0 l\u2019Est de l\u2019appellation.<\/p>\n<p>Le plateau de Grand Poujeaux offre l&rsquo;un des meilleurs terroirs du Bordelais. En termes de g\u00e9ologie, les sols sont des graves garonnaises de l&rsquo;\u00e9poque Gunz avec comme sous-sol des s\u00e9diments calcaires de Saint Est\u00e8phe identiques \u00e0 ceux des premiers crus de Pauillac et Margaux. C&rsquo;est le \u00ab\u00a0secret gard\u00e9\u00a0\u00bb de Bordeaux.<\/p>\n<p>Ces sols graveleux pauvres et g\u00e9n\u00e9reux \u00e0 la fois assurent un excellent drainage naturel et favorisent un profond enracinement des pieds r\u00e9v\u00e9lant la complexit\u00e9 des diff\u00e9rentes couches du terroir.<\/p>\n<p>Le domaine est divis\u00e9 en 12 parcelles qui sont autant de petits vignobles ayant leur identit\u00e9 construite \u00e0 partir d\u2019un sol particulier, d\u2019un c\u00e9page choisi et d\u2019un \u00e2ge de plantation. Cette particularit\u00e9 fa\u00e7onne la complexit\u00e9 du vin de Ch\u00e2teau Branas Grand Poujeaux.<\/p>\n<p>Les Cabernet Sauvignon (45%) conf\u00e8rent au vin un bouquet intense, une tension et une aptitude au vieillissement tandis que les Merlot (50%) apportent couleur, richesse et rondeur.<\/p>\n<p>Ce sont 5% de Petit Verdot qui compl\u00e8tent l\u2019enc\u00e9pagement donnant puissance \u00e0 la structure et richesse aromatique.<\/p>\n<p>Depuis 2018 Ch\u00e2teau Branas Grand Poujeaux est certifi\u00e9 Haute Valeur Environmental III, le plus haut niveau d&rsquo;agriculture responsable et \u00e9cologique.[\/vc_column_text][\/vc_column][\/vc_row][vc_row][vc_column][vc_single_image image=\u00a0\u00bb2098&Prime;][\/vc_column][\/vc_row]<\/p>\n<\/div>","protected":false},"excerpt":{"rendered":"<p>[vc_row cth_layout=\u00a0\u00bbinshot_page_sec\u00a0\u00bb][vc_column][vc_column_text] Terroir [\/vc_column_text][vc_column_text] Une appellation confidentielle Terre de tradition par excellence, Moulis est situ\u00e9e au c\u0153ur du M\u00e9doc, sur la rive gauche de l\u2019estuaire de la Gironde et s\u2019\u00e9tend sur une superficie d\u2019environ 600 hectares en faisant ainsi l\u2019une des plus confidentielles appellations communales. Situ\u00e9 entre l&rsquo;appellation Margaux au sud et les appellations Saint &hellip; <\/p>\n","protected":false},"author":1,"featured_media":0,"parent":0,"menu_order":0,"comment_status":"closed","ping_status":"closed","template":"page-column-grid.php","meta":{"footnotes":""},"class_list":["post-1708","page","type-page","status-publish","hentry"],"_links":{"self":[{"href":"https:\/\/www.branasgrandpoujeaux.com\/fr\/wp-json\/wp\/v2\/pages\/1708","targetHints":{"allow":["GET"]}}],"collection":[{"href":"https:\/\/www.branasgrandpoujeaux.com\/fr\/wp-json\/wp\/v2\/pages"}],"about":[{"href":"https:\/\/www.branasgrandpoujeaux.com\/fr\/wp-json\/wp\/v2\/types\/page"}],"author":[{"embeddable":true,"href":"https:\/\/www.branasgrandpoujeaux.com\/fr\/wp-json\/wp\/v2\/users\/1"}],"replies":[{"embeddable":true,"href":"https:\/\/www.branasgrandpoujeaux.com\/fr\/wp-json\/wp\/v2\/comments?post=1708"}],"version-history":[{"count":15,"href":"https:\/\/www.branasgrandpoujeaux.com\/fr\/wp-json\/wp\/v2\/pages\/1708\/revisions"}],"predecessor-version":[{"id":2517,"href":"https:\/\/www.branasgrandpoujeaux.com\/fr\/wp-json\/wp\/v2\/pages\/1708\/revisions\/2517"}],"wp:attachment":[{"href":"https:\/\/www.branasgrandpoujeaux.com\/fr\/wp-json\/wp\/v2\/media?parent=1708"}],"curies":[{"name":"wp","href":"https:\/\/api.w.org\/{rel}","templated":true}]}}