{"id":2387,"date":"2023-12-06T11:24:09","date_gmt":"2023-12-06T10:24:09","guid":{"rendered":"https:\/\/www.branasgrandpoujeaux.com\/?page_id=2387"},"modified":"2025-03-13T17:09:10","modified_gmt":"2025-03-13T16:09:10","slug":"mentions-legales","status":"publish","type":"page","link":"https:\/\/www.branasgrandpoujeaux.com\/fr\/mentions-legales\/","title":{"rendered":"Mentions L\u00e9gales"},"content":{"rendered":"<p>Le site <a href=\"https:\/\/www.branasgrandpoujeaux.com\/fr\/\">https:\/\/www.branasgrandpoujeaux.com\/fr\/<\/a> appartient a ( SCEA ch\u00e2teau branas Grand Poujeaux ) au capital de 2 000 000,oo \u20ac inscrire au registre des commerces de Bordeaux, sous le num\u00e9ro RCS 442 686 903 dont le si\u00e8ge social est situ\u00e9 au Ch\u00e2teau Branas Grand Poujeaux 23 chemin de la raze, moulis en m\u00e9doc 33450\u00a0 France.<\/p>\n<p>Num\u00e9ro de tva intracommunautaire FR62442686903<\/p>\n<p>Contact mail : <a href=\"mailto:contact@branasgrandpoujeaux.com\">contact@branasgrandpoujeaux.com<\/a><\/p>\n<p>T\u00e9l\u00e9phone : 05 56 58 93 30<\/p>\n<h2>Publication<\/h2>\n<p>Directeur de la publication\u00a0:\u00a0Michel Paulin<\/p>\n<h2>H\u00e9bergeur<\/h2>\n<p>OVH SAS au capital de 10 174 560 \u20ac<\/p>\n<p>RCS Lille M\u00e9tropole 424 761 419 00045<br \/>\nCode APE 2620Z<br \/>\nN\u00b0 TVA : FR 22 424 761 419<br \/>\nSi\u00e8ge social : 2 rue Kellermann &#8211; 59100 Roubaix &#8211; France<\/p>\n<p>OVH SAS est une filiale de la soci\u00e9t\u00e9 OVH Groupe SA, soci\u00e9t\u00e9 immatricul\u00e9e au RCS de Lille sous le num\u00e9ro 537 407 926 sise 2, rue Kellermann, 59100 Roubaix.<\/p>\n<h2>Propri\u00e9t\u00e9 Intellectuelle<\/h2>\n<p>L&rsquo;ensemble du contenu pr\u00e9sent sur le site (textes, images, graphismes, logos, vid\u00e9os, etc.) est prot\u00e9g\u00e9 par les lois en vigueur sur la propri\u00e9t\u00e9 intellectuelle et est la propri\u00e9t\u00e9 exclusive de Branas Grand Poujeaux, sauf mention contraire. Toute reproduction, distribution ou utilisation sans autorisation expresse est interdite.<\/p>\n<h2>Donn\u00e9es Personnelles<\/h2>\n<p>Le site peut collecter des donn\u00e9es personnelles (formulaire de contact, newsletter, etc.). Conform\u00e9ment au R\u00e8glement G\u00e9n\u00e9ral sur la Protection des Donn\u00e9es (RGPD), vous disposez d&rsquo;un droit d&rsquo;acc\u00e8s, de rectification et de suppression de vos donn\u00e9es. Pour exercer ces droits, contactez-nous \u00e0 contact@branasgrandpoujeaux.com.<\/p>\n<h2>Cookies<\/h2>\n<p>Le site utilise des cookies afin d&rsquo;am\u00e9liorer l&rsquo;exp\u00e9rience utilisateur. Vous pouvez modifier vos pr\u00e9f\u00e9rences en mati\u00e8re de cookies via les param\u00e8tres de votre navigateur.<\/p>\n<h2>Responsabilit\u00e9<\/h2>\n<p>Branas Grand Poujeaux ne saurait \u00eatre tenu responsable des dommages directs ou indirects r\u00e9sultant de l&rsquo;utilisation du site ou de l&rsquo;impossibilit\u00e9 d&rsquo;y acc\u00e9der.<\/p>\n<h2>Droit Applicable<\/h2>\n<p>Les pr\u00e9sentes mentions l\u00e9gales sont soumises au droit fran\u00e7ais. En cas de litige, les tribunaux comp\u00e9tents seront ceux du si\u00e8ge social de l&rsquo;\u00e9diteur du site.<\/p>\n<h2>Contact<\/h2>\n<p>Pour toute question concernant ces mentions l\u00e9gales, vous pouvez nous contacter \u00e0 contact@branasgrandpoujeaux.com.<\/p>\n","protected":false},"excerpt":{"rendered":"<p>Le site https:\/\/www.branasgrandpoujeaux.com\/fr\/ appartient a ( SCEA ch\u00e2teau branas Grand Poujeaux ) au capital de 2 000 000,oo \u20ac inscrire au registre des commerces de Bordeaux, sous le num\u00e9ro RCS 442 686 903 dont le si\u00e8ge social est situ\u00e9 au Ch\u00e2teau Branas Grand Poujeaux 23 chemin de la raze, moulis en m\u00e9doc 33450\u00a0 France. Num\u00e9ro &hellip; <\/p>\n","protected":false},"author":1,"featured_media":0,"parent":0,"menu_order":0,"comment_status":"closed","ping_status":"closed","template":"","meta":{"footnotes":""},"class_list":["post-2387","page","type-page","status-publish","hentry"],"_links":{"self":[{"href":"https:\/\/www.branasgrandpoujeaux.com\/fr\/wp-json\/wp\/v2\/pages\/2387","targetHints":{"allow":["GET"]}}],"collection":[{"href":"https:\/\/www.branasgrandpoujeaux.com\/fr\/wp-json\/wp\/v2\/pages"}],"about":[{"href":"https:\/\/www.branasgrandpoujeaux.com\/fr\/wp-json\/wp\/v2\/types\/page"}],"author":[{"embeddable":true,"href":"https:\/\/www.branasgrandpoujeaux.com\/fr\/wp-json\/wp\/v2\/users\/1"}],"replies":[{"embeddable":true,"href":"https:\/\/www.branasgrandpoujeaux.com\/fr\/wp-json\/wp\/v2\/comments?post=2387"}],"version-history":[{"count":4,"href":"https:\/\/www.branasgrandpoujeaux.com\/fr\/wp-json\/wp\/v2\/pages\/2387\/revisions"}],"predecessor-version":[{"id":2466,"href":"https:\/\/www.branasgrandpoujeaux.com\/fr\/wp-json\/wp\/v2\/pages\/2387\/revisions\/2466"}],"wp:attachment":[{"href":"https:\/\/www.branasgrandpoujeaux.com\/fr\/wp-json\/wp\/v2\/media?parent=2387"}],"curies":[{"name":"wp","href":"https:\/\/api.w.org\/{rel}","templated":true}]}}