{"id":2469,"date":"2025-09-08T17:12:08","date_gmt":"2025-09-08T15:12:08","guid":{"rendered":"https:\/\/www.branasgrandpoujeaux.com\/?page_id=2469"},"modified":"2025-09-09T11:16:01","modified_gmt":"2025-09-09T09:16:01","slug":"responsabilite-societale-des-entreprises","status":"publish","type":"page","link":"https:\/\/www.branasgrandpoujeaux.com\/fr\/responsabilite-societale-des-entreprises\/","title":{"rendered":"Responsabilit\u00e9 des entreprises"},"content":{"rendered":"<div class=\"wpb-content-wrapper\"><p>[vc_row][vc_column][vc_column_text]<\/p>\n<h2>RESPONSABILITE SOCIETALE DES ENTREPRISES<\/h2>\n<h3>NOS AMBITIONS :<\/h3>\n<p>Au Ch\u00e2teau Branas Grand Poujeaux, nous nous engageons \u00e0 agir de mani\u00e8re responsable et durable dans tous les aspects de notre entreprise. Nous sommes conscients que la pr\u00e9servation de l&rsquo;environnement, le respect des droits de l&rsquo;homme et la promotion du bien-\u00eatre des communaut\u00e9s locales sont des \u00e9l\u00e9ments essentiels de notre succ\u00e8s \u00e0 long terme.<\/p>\n<p>1. Environnement:<\/p>\n<p>Nous sommes engag\u00e9s dans la pr\u00e9servation de l&rsquo;environnement et nous utilisons des pratiques de viticulture durable pour minimiser notre impact sur l&rsquo;\u00e9cosyst\u00e8me. Nous sommes certifi\u00e9s HVE V4 et utilisons des m\u00e9thodes de culture raisonn\u00e9e pour r\u00e9duire notre consommation d&rsquo;eau et des produits de traitement pour prot\u00e9ger la vigne. Nous avons \u00e9galement investi dans des technologies plus respectueuses de l&rsquo;environnement, telles que des nouveaux tracteurs avec la derni\u00e8re g\u00e9n\u00e9ration de pulv\u00e9risation.<\/p>\n<p>2. Soci\u00e9t\u00e9:<\/p>\n<p>Nous mettons l&rsquo;humain au c\u0153ur de nos pratiques et valorisons les comp\u00e9tences de nos vignerons. Nous partageons avec nos consommateurs et visiteurs nos savoir-faire et notre culture d&rsquo;entreprise familiale. Nous proposons \u00e9galement \u00e0 nos collaborateurs un lieu de vie de qualit\u00e9 et s\u00e9curisant.<br \/>\nNous sommes fiers de contribuer \u00e0 la vie \u00e9conomique et sociale de notre r\u00e9gion. Nous employons des travailleurs locaux et nous nous effor\u00e7ons de maintenir des relations durables avec les fournisseurs locaux et les riverains. Nous sommes \u00e9galement engag\u00e9s dans la promotion de la culture locale en organisant des \u00e9v\u00e9nements ouverts au public. Nous soutenons \u00e9galement les associations locales qui travaillent \u00e0 la protection de l&rsquo;environnement et au d\u00e9veloppement de l&rsquo;\u00e9conomie locale.<\/p>\n<p>3. Gouvernance:<\/p>\n<p>Nous respectons les r\u00e8gles et r\u00e9glementations en vigueur et nous sommes engag\u00e9s \u00e0 la transparence de nos op\u00e9rations et de nos pratiques. Nous travaillons en \u00e9troite collaboration avec les autorit\u00e9s locales et les partenaires pour garantir que nos activit\u00e9s ne nuisent pas aux communaut\u00e9s locales ou \u00e0 l&rsquo;environnement.<\/p>\n<p>4. Excellence:<\/p>\n<p>Nous cherchons constamment \u00e0 proposer une qualit\u00e9 au niveau des meilleurs de l&rsquo;appellation en gardant et partageant notre culture d&rsquo;entreprise familiale. Nous investissons dans des \u00e9quipements de pointe et nous formons r\u00e9guli\u00e8rement nos \u00e9quipes pour rester \u00e0 la pointe de notre secteur d&rsquo;activit\u00e9.<\/p>\n<p>Pour en savoir plus, nous vous invitons \u00e0 visiter le site Internet du <a href=\"https:\/\/www.bordeaux.com\/fr\/Cultivons-Demain-La-demarche-RSE-des-vins-de-Bordeaux\" target=\"_blank\" rel=\"noopener\"><span style=\"color: #000080;\">Conseil Interprofessionnel du Vin de Bordeaux<\/span><\/a> (C.I.V.B).[\/vc_column_text][\/vc_column][\/vc_row][vc_row][vc_column][vc_single_image image=\u00a0\u00bb2487&Prime;][\/vc_column][\/vc_row]<\/p>\n<\/div>","protected":false},"excerpt":{"rendered":"<p>[vc_row][vc_column][vc_column_text] RESPONSABILITE SOCIETALE DES ENTREPRISES NOS AMBITIONS : Au Ch\u00e2teau Branas Grand Poujeaux, nous nous engageons \u00e0 agir de mani\u00e8re responsable et durable dans tous les aspects de notre entreprise. Nous sommes conscients que la pr\u00e9servation de l&rsquo;environnement, le respect des droits de l&rsquo;homme et la promotion du bien-\u00eatre des communaut\u00e9s locales sont des \u00e9l\u00e9ments &hellip; <\/p>\n","protected":false},"author":2,"featured_media":0,"parent":0,"menu_order":0,"comment_status":"closed","ping_status":"closed","template":"page-column-grid.php","meta":{"footnotes":""},"class_list":["post-2469","page","type-page","status-publish","hentry"],"_links":{"self":[{"href":"https:\/\/www.branasgrandpoujeaux.com\/fr\/wp-json\/wp\/v2\/pages\/2469","targetHints":{"allow":["GET"]}}],"collection":[{"href":"https:\/\/www.branasgrandpoujeaux.com\/fr\/wp-json\/wp\/v2\/pages"}],"about":[{"href":"https:\/\/www.branasgrandpoujeaux.com\/fr\/wp-json\/wp\/v2\/types\/page"}],"author":[{"embeddable":true,"href":"https:\/\/www.branasgrandpoujeaux.com\/fr\/wp-json\/wp\/v2\/users\/2"}],"replies":[{"embeddable":true,"href":"https:\/\/www.branasgrandpoujeaux.com\/fr\/wp-json\/wp\/v2\/comments?post=2469"}],"version-history":[{"count":13,"href":"https:\/\/www.branasgrandpoujeaux.com\/fr\/wp-json\/wp\/v2\/pages\/2469\/revisions"}],"predecessor-version":[{"id":2503,"href":"https:\/\/www.branasgrandpoujeaux.com\/fr\/wp-json\/wp\/v2\/pages\/2469\/revisions\/2503"}],"wp:attachment":[{"href":"https:\/\/www.branasgrandpoujeaux.com\/fr\/wp-json\/wp\/v2\/media?parent=2469"}],"curies":[{"name":"wp","href":"https:\/\/api.w.org\/{rel}","templated":true}]}}