{"id":294,"date":"2016-10-06T03:56:06","date_gmt":"2016-10-06T03:56:06","guid":{"rendered":"http:\/\/demowp.cththemes.net\/diopter\/?page_id=294"},"modified":"2023-09-06T14:29:16","modified_gmt":"2023-09-06T12:29:16","slug":"contact","status":"publish","type":"page","link":"https:\/\/www.branasgrandpoujeaux.com\/fr\/contact\/","title":{"rendered":"Contact"},"content":{"rendered":"<div class=\"wpb-content-wrapper\"><p>[vc_row cth_layout=\u00a0\u00bbinshot_page_sec\u00a0\u00bb css=\u00a0\u00bb.vc_custom_1545041539396{padding-bottom: 0px !important;}\u00a0\u00bb][vc_column][vc_column_text css=\u00a0\u00bb.vc_custom_1545041485419{margin-bottom: 0px !important;}\u00a0\u00bb]Ch\u00e2teau Branas Grand Poujeaux est situ\u00e9 \u00e0 35 km de Bordeaux, au c\u0153ur du M\u00e9doc,<br \/>\ndans la commune de Moulis-en-M\u00e9doc.[\/vc_column_text][vc_column_text css=\u00a0\u00bb.vc_custom_1545040892608{margin-top: 20px !important;margin-bottom: 0px !important;}\u00a0\u00bb]<\/p>\n<h3>Mail<\/h3>\n<p><a href=\"mailto:contact@branasgrandpoujeaux.com\">contact@branasgrandpoujeaux.com<\/a>[\/vc_column_text][vc_column_text css=\u00a0\u00bb.vc_custom_1605195542413{margin-top: 20px !important;margin-bottom: 0px !important;}\u00a0\u00bb]<\/p>\n<h3>Adresse<\/h3>\n<p><a href=\"https:\/\/www.google.fr\/maps\/place\/Ch%C3%A2teau+Branas+Grand+Poujeaux\/@45.0763033,-0.7420874,15z\/data=!4m5!3m4!1s0x0:0x1fc5bd9f646be4c6!8m2!3d45.0763033!4d-0.7420874\" target=\"_blank\" rel=\"noopener noreferrer\">23 Chemin de la Raze, 33480 Moulis-en-M\u00e9doc<\/a>[\/vc_column_text][vc_column_text css=\u00a0\u00bb.vc_custom_1694003352064{margin-top: 20px !important;margin-bottom: 0px !important;}\u00a0\u00bb]<\/p>\n<h3>T\u00e9l\u00e9phone<\/h3>\n<p><a href=\"https:\/\/www.branasgrandpoujeaux.com\/fr\/contact\/\">+33 556589330<\/a><\/p>\n<p>&nbsp;<\/p>\n<p>&nbsp;<\/p>\n<p>&nbsp;<\/p>\n<p>&nbsp;<\/p>\n<p>[\/vc_column_text][vc_row_inner][vc_column_inner][vc_icon icon_fontawesome=\u00a0\u00bbfa fa-facebook-square\u00a0\u00bb link=\u00a0\u00bburl:https%3A%2F%2Fwww.facebook.com%2Fbranasgrandpoujeaux||target:%20_blank|\u00a0\u00bb css=\u00a0\u00bb.vc_custom_1605198376256{margin-top: 0px !important;margin-bottom: 0px !important;border-bottom-width: 0px !important;padding-top: 0px !important;}\u00a0\u00bb][vc_icon icon_fontawesome=\u00a0\u00bbfa fa-instagram\u00a0\u00bb color=\u00a0\u00bbblack\u00a0\u00bb link=\u00a0\u00bburl:https%3A%2F%2Fwww.instagram.com%2Fbranasgrandpoujeaux%2F||target:%20_blank|\u00a0\u00bb css=\u00a0\u00bb.vc_custom_1602162947681{margin-top: 0px !important;padding-top: 0px !important;}\u00a0\u00bb][\/vc_column_inner][\/vc_row_inner][\/vc_column][\/vc_row][vc_row full_width=\u00a0\u00bbstretch_row_content_no_spaces\u00a0\u00bb cth_layout=\u00a0\u00bbinshot_page_sec\u00a0\u00bb is_fullwidth=\u00a0\u00bbyes\u00a0\u00bb css=\u00a0\u00bb.vc_custom_1545040618624{padding-top: 0px !important;padding-bottom: 0px !important;}\u00a0\u00bb][vc_column][inshot_gmap map_lat=\u00a0\u00bb45.076014&Prime; map_long=\u00a0\u00bb-0.741674&Prime; map_address=\u00a0\u00bbCh\u00e2teau Branas Grand Poujeaux\u00a0\u00bb map_zoom=\u00a0\u00bb9&Prime; map_marker=\u00a0\u00bb1577&Prime; map_height=\u00a0\u00bb600&Prime;][\/vc_column][\/vc_row][vc_row cth_layout=\u00a0\u00bbinshot_page_sec\u00a0\u00bb css=\u00a0\u00bb.vc_custom_1545040577522{padding-top: 0px !important;padding-bottom: 0px !important;}\u00a0\u00bb][vc_column][vc_column_text css=\u00a0\u00bb.vc_custom_1545041493427{margin-top: 20px !important;margin-bottom: 0px !important;}\u00a0\u00bb]<\/p>\n<h3>Nous \u00e9crire<\/h3>\n<p>[\/vc_column_text][vc_column_text css=\u00a0\u00bb.vc_custom_1545041510479{margin-top: 20px !important;margin-bottom: 0px !important;}\u00a0\u00bb]Vous pouvez par le biais de ce formulaire nous envoyer un message par email, nous y r\u00e9pondrons dans les meilleurs d\u00e9lais.[\/vc_column_text]\n<div class=\"wpcf7 no-js\" id=\"wpcf7-f5-o1\" lang=\"fr-FR\" dir=\"ltr\" data-wpcf7-id=\"5\">\n<div class=\"screen-reader-response\"><p role=\"status\" aria-live=\"polite\" aria-atomic=\"true\"><\/p> <ul><\/ul><\/div>\n<form action=\"\/fr\/wp-json\/wp\/v2\/pages\/294#wpcf7-f5-o1\" method=\"post\" class=\"wpcf7-form init\" aria-label=\"Formulaire de contact\" novalidate=\"novalidate\" data-status=\"init\">\n<fieldset class=\"hidden-fields-container\"><input type=\"hidden\" name=\"_wpcf7\" value=\"5\" \/><input type=\"hidden\" name=\"_wpcf7_version\" value=\"6.1.2\" \/><input type=\"hidden\" name=\"_wpcf7_locale\" value=\"fr_FR\" \/><input type=\"hidden\" name=\"_wpcf7_unit_tag\" value=\"wpcf7-f5-o1\" \/><input type=\"hidden\" name=\"_wpcf7_container_post\" value=\"0\" \/><input type=\"hidden\" name=\"_wpcf7_posted_data_hash\" value=\"\" \/><input type=\"hidden\" name=\"_wpcf7_recaptcha_response\" value=\"\" \/>\n<\/fieldset>\n<p><label> Votre nom (obligatoire)<br \/>\n<span class=\"wpcf7-form-control-wrap\" data-name=\"your-name\"><input size=\"40\" maxlength=\"400\" class=\"wpcf7-form-control wpcf7-text wpcf7-validates-as-required\" aria-required=\"true\" aria-invalid=\"false\" value=\"\" type=\"text\" name=\"your-name\" \/><\/span> <\/label>\n<\/p>\n<p><label> Votre adresse de messagerie (obligatoire)<br \/>\n<span class=\"wpcf7-form-control-wrap\" data-name=\"your-email\"><input size=\"40\" maxlength=\"400\" class=\"wpcf7-form-control wpcf7-email wpcf7-validates-as-required wpcf7-text wpcf7-validates-as-email\" aria-required=\"true\" aria-invalid=\"false\" value=\"\" type=\"email\" name=\"your-email\" \/><\/span> <\/label>\n<\/p>\n<p><label> Objet<br \/>\n<span class=\"wpcf7-form-control-wrap\" data-name=\"your-subject\"><input size=\"40\" maxlength=\"400\" class=\"wpcf7-form-control wpcf7-text\" aria-invalid=\"false\" value=\"\" type=\"text\" name=\"your-subject\" \/><\/span> <\/label>\n<\/p>\n<p><label> Votre message<br \/>\n<span class=\"wpcf7-form-control-wrap\" data-name=\"your-message\"><textarea cols=\"40\" rows=\"10\" maxlength=\"2000\" class=\"wpcf7-form-control wpcf7-textarea\" aria-invalid=\"false\" name=\"your-message\"><\/textarea><\/span> <\/label>\n<\/p>\n<p><input class=\"wpcf7-form-control wpcf7-submit has-spinner\" type=\"submit\" value=\"Envoyer\" \/>\n<\/p><div class=\"wpcf7-response-output\" aria-hidden=\"true\"><\/div>\n<\/form>\n<\/div>\n[\/vc_column][\/vc_row]<\/p>\n<\/div>","protected":false},"excerpt":{"rendered":"<p>[vc_row cth_layout=\u00a0\u00bbinshot_page_sec\u00a0\u00bb css=\u00a0\u00bb.vc_custom_1545041539396{padding-bottom: 0px !important;}\u00a0\u00bb][vc_column][vc_column_text css=\u00a0\u00bb.vc_custom_1545041485419{margin-bottom: 0px !important;}\u00a0\u00bb]Ch\u00e2teau Branas Grand Poujeaux est situ\u00e9 \u00e0 35 km de Bordeaux, au c\u0153ur du M\u00e9doc, dans la commune de Moulis-en-M\u00e9doc.[\/vc_column_text][vc_column_text css=\u00a0\u00bb.vc_custom_1545040892608{margin-top: 20px !important;margin-bottom: 0px !important;}\u00a0\u00bb] Mail contact@branasgrandpoujeaux.com[\/vc_column_text][vc_column_text css=\u00a0\u00bb.vc_custom_1605195542413{margin-top: 20px !important;margin-bottom: 0px !important;}\u00a0\u00bb] Adresse 23 Chemin de la Raze, 33480 Moulis-en-M\u00e9doc[\/vc_column_text][vc_column_text css=\u00a0\u00bb.vc_custom_1694003352064{margin-top: 20px !important;margin-bottom: 0px !important;}\u00a0\u00bb] T\u00e9l\u00e9phone +33 556589330 &hellip; <\/p>\n","protected":false},"author":1,"featured_media":0,"parent":0,"menu_order":0,"comment_status":"closed","ping_status":"closed","template":"page-fullwidth.php","meta":{"footnotes":""},"class_list":["post-294","page","type-page","status-publish","hentry"],"_links":{"self":[{"href":"https:\/\/www.branasgrandpoujeaux.com\/fr\/wp-json\/wp\/v2\/pages\/294","targetHints":{"allow":["GET"]}}],"collection":[{"href":"https:\/\/www.branasgrandpoujeaux.com\/fr\/wp-json\/wp\/v2\/pages"}],"about":[{"href":"https:\/\/www.branasgrandpoujeaux.com\/fr\/wp-json\/wp\/v2\/types\/page"}],"author":[{"embeddable":true,"href":"https:\/\/www.branasgrandpoujeaux.com\/fr\/wp-json\/wp\/v2\/users\/1"}],"replies":[{"embeddable":true,"href":"https:\/\/www.branasgrandpoujeaux.com\/fr\/wp-json\/wp\/v2\/comments?post=294"}],"version-history":[{"count":31,"href":"https:\/\/www.branasgrandpoujeaux.com\/fr\/wp-json\/wp\/v2\/pages\/294\/revisions"}],"predecessor-version":[{"id":2375,"href":"https:\/\/www.branasgrandpoujeaux.com\/fr\/wp-json\/wp\/v2\/pages\/294\/revisions\/2375"}],"wp:attachment":[{"href":"https:\/\/www.branasgrandpoujeaux.com\/fr\/wp-json\/wp\/v2\/media?parent=294"}],"curies":[{"name":"wp","href":"https:\/\/api.w.org\/{rel}","templated":true}]}}