{"id":470,"date":"2016-10-11T15:14:32","date_gmt":"2016-10-11T15:14:32","guid":{"rendered":"http:\/\/demowp.cththemes.net\/diopter\/?page_id=470"},"modified":"2021-10-26T14:37:24","modified_gmt":"2021-10-26T12:37:24","slug":"actualites","status":"publish","type":"page","link":"https:\/\/www.branasgrandpoujeaux.com\/fr\/actualites\/","title":{"rendered":"Actualit\u00e9s"},"content":{"rendered":"<div class=\"wpb-content-wrapper\"><p>[vc_row cth_layout=\u00a0\u00bbinshot_page_sec\u00a0\u00bb][vc_column][vc_column_text css=\u00a0\u00bb.vc_custom_1605198340348{margin-top: 10px !important;margin-left: 10px !important;border-radius: 15px !important;}\u00a0\u00bb]<\/p>\n<p style=\"text-align: center;\">Pour suivre toutes les actualit\u00e9s du Ch\u00e2teau, rejoignez-nous sur les r\u00e9seaux sociaux !<\/p>\n<p>[\/vc_column_text][vc_icon icon_fontawesome=\u00a0\u00bbfa fa-facebook-square\u00a0\u00bb align=\u00a0\u00bbcenter\u00a0\u00bb link=\u00a0\u00bburl:https%3A%2F%2Fwww.facebook.com%2Fbranasgrandpoujeaux%2F||target:%20_blank|\u00a0\u00bb css=\u00a0\u00bb.vc_custom_1605198179677{margin-top: 0px !important;margin-bottom: 0px !important;border-top-width: 0px !important;border-bottom-width: 0px !important;}\u00a0\u00bb][vc_icon icon_fontawesome=\u00a0\u00bbfa fa-instagram\u00a0\u00bb color=\u00a0\u00bbblack\u00a0\u00bb align=\u00a0\u00bbcenter\u00a0\u00bb link=\u00a0\u00bburl:https%3A%2F%2Fwww.instagram.com%2Fbranasgrandpoujeaux%2F||target:%20_blank|\u00a0\u00bb css=\u00a0\u00bb.vc_custom_1605198187492{margin-top: 0px !important;margin-bottom: 0px !important;border-top-width: 0px !important;border-bottom-width: 0px !important;}\u00a0\u00bb][vc_icon icon_fontawesome=\u00a0\u00bbfa fa-linkedin-square\u00a0\u00bb align=\u00a0\u00bbcenter\u00a0\u00bb link=\u00a0\u00bburl:https%3A%2F%2Fwww.linkedin.com%2Fcompany%2Fchateau-branas-grand-poujeaux%2F%3ForiginalSubdomain%3Dfr||target:%20_blank|\u00a0\u00bb css=\u00a0\u00bb.vc_custom_1605198196018{margin-top: 0px !important;margin-bottom: 0px !important;border-top-width: 0px !important;border-bottom-width: 0px !important;}\u00a0\u00bb][\/vc_column][\/vc_row][vc_row][vc_column][\/vc_column][\/vc_row]<\/p>\n<\/div>","protected":false},"excerpt":{"rendered":"<p>[vc_row cth_layout=\u00a0\u00bbinshot_page_sec\u00a0\u00bb][vc_column][vc_column_text css=\u00a0\u00bb.vc_custom_1605198340348{margin-top: 10px !important;margin-left: 10px !important;border-radius: 15px !important;}\u00a0\u00bb] Pour suivre toutes les actualit\u00e9s du Ch\u00e2teau, rejoignez-nous sur les r\u00e9seaux sociaux ! [\/vc_column_text][vc_icon icon_fontawesome=\u00a0\u00bbfa fa-facebook-square\u00a0\u00bb align=\u00a0\u00bbcenter\u00a0\u00bb link=\u00a0\u00bburl:https%3A%2F%2Fwww.facebook.com%2Fbranasgrandpoujeaux%2F||target:%20_blank|\u00a0\u00bb css=\u00a0\u00bb.vc_custom_1605198179677{margin-top: 0px !important;margin-bottom: 0px !important;border-top-width: 0px !important;border-bottom-width: 0px !important;}\u00a0\u00bb][vc_icon icon_fontawesome=\u00a0\u00bbfa fa-instagram\u00a0\u00bb color=\u00a0\u00bbblack\u00a0\u00bb align=\u00a0\u00bbcenter\u00a0\u00bb link=\u00a0\u00bburl:https%3A%2F%2Fwww.instagram.com%2Fbranasgrandpoujeaux%2F||target:%20_blank|\u00a0\u00bb css=\u00a0\u00bb.vc_custom_1605198187492{margin-top: 0px !important;margin-bottom: 0px !important;border-top-width: 0px !important;border-bottom-width: 0px !important;}\u00a0\u00bb][vc_icon icon_fontawesome=\u00a0\u00bbfa fa-linkedin-square\u00a0\u00bb align=\u00a0\u00bbcenter\u00a0\u00bb link=\u00a0\u00bburl:https%3A%2F%2Fwww.linkedin.com%2Fcompany%2Fchateau-branas-grand-poujeaux%2F%3ForiginalSubdomain%3Dfr||target:%20_blank|\u00a0\u00bb css=\u00a0\u00bb.vc_custom_1605198196018{margin-top: &hellip; <\/p>\n","protected":false},"author":1,"featured_media":0,"parent":0,"menu_order":0,"comment_status":"closed","ping_status":"closed","template":"page-fullwidth.php","meta":{"footnotes":""},"class_list":["post-470","page","type-page","status-publish","hentry"],"_links":{"self":[{"href":"https:\/\/www.branasgrandpoujeaux.com\/fr\/wp-json\/wp\/v2\/pages\/470","targetHints":{"allow":["GET"]}}],"collection":[{"href":"https:\/\/www.branasgrandpoujeaux.com\/fr\/wp-json\/wp\/v2\/pages"}],"about":[{"href":"https:\/\/www.branasgrandpoujeaux.com\/fr\/wp-json\/wp\/v2\/types\/page"}],"author":[{"embeddable":true,"href":"https:\/\/www.branasgrandpoujeaux.com\/fr\/wp-json\/wp\/v2\/users\/1"}],"replies":[{"embeddable":true,"href":"https:\/\/www.branasgrandpoujeaux.com\/fr\/wp-json\/wp\/v2\/comments?post=470"}],"version-history":[{"count":14,"href":"https:\/\/www.branasgrandpoujeaux.com\/fr\/wp-json\/wp\/v2\/pages\/470\/revisions"}],"predecessor-version":[{"id":2069,"href":"https:\/\/www.branasgrandpoujeaux.com\/fr\/wp-json\/wp\/v2\/pages\/470\/revisions\/2069"}],"wp:attachment":[{"href":"https:\/\/www.branasgrandpoujeaux.com\/fr\/wp-json\/wp\/v2\/media?parent=470"}],"curies":[{"name":"wp","href":"https:\/\/api.w.org\/{rel}","templated":true}]}}